{"id":553,"date":"2016-10-11T12:01:48","date_gmt":"2016-10-11T10:01:48","guid":{"rendered":"http:\/\/www.schullandheim-rappershausen.de\/cms\/?page_id=553"},"modified":"2018-01-18T14:11:25","modified_gmt":"2018-01-18T13:11:25","slug":"gruppe","status":"publish","type":"page","link":"https:\/\/www.schullandheim-rappershausen.de\/cms\/gruppe\/","title":{"rendered":"Gruppen"},"content":{"rendered":"<p>[et_pb_section admin_label=&#8220;section&#8220; transparent_background=&#8220;off&#8220; allow_player_pause=&#8220;off&#8220; inner_shadow=&#8220;off&#8220; parallax=&#8220;off&#8220; parallax_method=&#8220;off&#8220; padding_mobile=&#8220;off&#8220; make_fullwidth=&#8220;off&#8220; use_custom_width=&#8220;off&#8220; width_unit=&#8220;on&#8220; make_equal=&#8220;off&#8220; use_custom_gutter=&#8220;off&#8220;][et_pb_row admin_label=&#8220;row&#8220;][et_pb_column type=&#8220;4_4&#8243;][et_pb_image admin_label=&#8220;Titelbild Schullandheim&#8220; src=&#8220;https:\/\/www.schullandheim-rappershausen.de\/cms\/wp-content\/uploads\/2016\/02\/Slider_SchullandheimRappershausen.jpg&#8220; alt=&#8220;Schullandheim&#8220; title_text=&#8220;Schullandheim&#8220; show_in_lightbox=&#8220;off&#8220; url_new_window=&#8220;off&#8220; use_overlay=&#8220;off&#8220; animation=&#8220;off&#8220; sticky=&#8220;off&#8220; align=&#8220;left&#8220; force_fullwidth=&#8220;off&#8220; always_center_on_mobile=&#8220;on&#8220; use_border_color=&#8220;off&#8220; border_color=&#8220;#ffffff&#8220; border_style=&#8220;solid&#8220;] [\/et_pb_image][\/et_pb_column][\/et_pb_row][\/et_pb_section][et_pb_section admin_label=&#8220;section&#8220;][et_pb_row admin_label=&#8220;row&#8220;][et_pb_column type=&#8220;4_4&#8243;][et_pb_text admin_label=&#8220;Introtext Gruppe&#8220; background_layout=&#8220;light&#8220; text_orientation=&#8220;center&#8220; use_border_color=&#8220;off&#8220; border_color=&#8220;#ffffff&#8220; border_style=&#8220;solid&#8220; custom_padding=&#8220;|10px||10px&#8220;]<\/p>\n<div class=\"text_schullandheim\">\n<h1 class=\"grau_fett\">Gruppen und Vereine aufgepasst!<\/h1>\n<p class=\"grau_p\">Sie suchen preiswerte \u00dcbernachtungsm\u00f6glichkeiten f\u00fcr gemeinsame Aktivit\u00e4ten, Treffen oder \u00dcbungswochenenden? Das Schullandheim Rappershausen vermietet seine R\u00e4umlichkeiten ganzj\u00e4hrig an Vereine und Gruppen. Profitieren Sie von unserem Full-Service aus einer Hand und genie\u00dfen Sie unsere individuellen Programme mit \u00dcbernachtung, Aktivit\u00e4ten und Verpflegung.<\/p>\n<p class=\"grau_p\">Besonders in den Herbst- und Wintermonaten gibt es noch freie Wochenenden! Unser Schullandheim bietet optimale Voraussetzungen f\u00fcr ein effizientes und individuelles Probenwochenende f\u00fcr z.B. Musik- oder Theatergruppen!<\/p>\n<p><strong>Fragen Sie nach unseren attraktiven Konditionen!<\/strong><\/p>\n<\/div>\n<p>&nbsp;<\/p>\n<p>[\/et_pb_text][\/et_pb_column][\/et_pb_row][\/et_pb_section][et_pb_section admin_label=&#8220;section&#8220;][et_pb_row admin_label=&#8220;Zeile&#8220; make_fullwidth=&#8220;off&#8220; use_custom_width=&#8220;on&#8220; width_unit=&#8220;on&#8220; use_custom_gutter=&#8220;off&#8220; padding_mobile=&#8220;on&#8220; allow_player_pause=&#8220;off&#8220; parallax=&#8220;off&#8220; parallax_method=&#8220;off&#8220; make_equal=&#8220;off&#8220; parallax_1=&#8220;off&#8220; parallax_method_1=&#8220;off&#8220; parallax_2=&#8220;off&#8220; parallax_method_2=&#8220;off&#8220; parallax_3=&#8220;off&#8220; parallax_method_3=&#8220;off&#8220; column_padding_mobile=&#8220;on&#8220; custom_padding_last_edited=&#8220;on|&#8220;][et_pb_column type=&#8220;1_3&#8243;][et_pb_blurb admin_label=&#8220;Unterkunft&#8220; title=&#8220;Unterkunft&#8220; url_new_window=&#8220;off&#8220; use_icon=&#8220;off&#8220; icon_color=&#8220;#85c555&#8243; use_circle=&#8220;off&#8220; circle_color=&#8220;#85c555&#8243; use_circle_border=&#8220;off&#8220; circle_border_color=&#8220;#85c555&#8243; image=&#8220;https:\/\/www.schullandheim-rappershausen.de\/cms\/wp-content\/uploads\/2016\/02\/Aufenhalte.png&#8220; alt=&#8220;Aufenthalte&#8220; icon_placement=&#8220;left&#8220; animation=&#8220;off&#8220; background_layout=&#8220;light&#8220; text_orientation=&#8220;left&#8220; use_icon_font_size=&#8220;off&#8220; use_border_color=&#8220;off&#8220; border_color=&#8220;#ffffff&#8220; border_style=&#8220;solid&#8220; header_text_color=&#8220;#6d6f75&#8243; body_text_color=&#8220;#6d6f75&#8243; header_font=&#8220;|on|||&#8220; custom_padding=&#8220;20px|10px|20px|10px&#8220; url=&#8220;https:\/\/www.schullandheim-rappershausen.de\/cms\/schullandheim\/#ausstattung&#8220;]<\/p>\n<p>F\u00fcr\u00a0bis zu 90 Personen<\/p>\n<p>[\/et_pb_blurb][\/et_pb_column][et_pb_column type=&#8220;1_3&#8243;][et_pb_blurb admin_label=&#8220;Verpflegung&#8220; title=&#8220;Verpflegung&#8220; url_new_window=&#8220;off&#8220; use_icon=&#8220;off&#8220; icon_color=&#8220;#85c555&#8243; use_circle=&#8220;off&#8220; circle_color=&#8220;#85c555&#8243; use_circle_border=&#8220;off&#8220; circle_border_color=&#8220;#85c555&#8243; image=&#8220;https:\/\/www.schullandheim-rappershausen.de\/cms\/wp-content\/uploads\/2016\/02\/Verpflegung.png&#8220; alt=&#8220;Verpflegung&#8220; icon_placement=&#8220;left&#8220; animation=&#8220;off&#8220; background_layout=&#8220;light&#8220; text_orientation=&#8220;left&#8220; use_icon_font_size=&#8220;off&#8220; use_border_color=&#8220;off&#8220; border_color=&#8220;#ffffff&#8220; border_style=&#8220;solid&#8220; header_text_color=&#8220;#6d6f75&#8243; body_text_color=&#8220;#6d6f75&#8243; header_font=&#8220;|on|||&#8220; custom_padding=&#8220;20px|10px|20px|10px&#8220; url=&#8220;https:\/\/www.schullandheim-rappershausen.de\/cms\/schullandheim\/#verpflegung&#8220;]<\/p>\n<p>Regionale frische Produkte<br \/>\nVegetarische oder vegane Gruppen<br \/>\nSpezielle Ern\u00e4hrung oder Allergien<\/p>\n<p>[\/et_pb_blurb][\/et_pb_column][et_pb_column type=&#8220;1_3&#8243;][et_pb_blurb admin_label=&#8220;Radsport-Trainings&#8220; title=&#8220;Radsport&#8220; url=&#8220;https:\/\/www.schullandheim-rappershausen.de\/cms\/radsportzentrum\/&#8220; url_new_window=&#8220;off&#8220; use_icon=&#8220;off&#8220; icon_color=&#8220;#85c555&#8243; use_circle=&#8220;off&#8220; circle_color=&#8220;#85c555&#8243; use_circle_border=&#8220;off&#8220; circle_border_color=&#8220;#85c555&#8243; image=&#8220;https:\/\/www.schullandheim-rappershausen.de\/cms\/wp-content\/uploads\/2016\/02\/MTB_Zentrum.png&#8220; alt=&#8220;Radsport&#8220; icon_placement=&#8220;left&#8220; animation=&#8220;off&#8220; background_layout=&#8220;light&#8220; text_orientation=&#8220;left&#8220; use_icon_font_size=&#8220;off&#8220; use_border_color=&#8220;off&#8220; border_color=&#8220;#ffffff&#8220; border_style=&#8220;solid&#8220; header_text_color=&#8220;#6d6f75&#8243; body_text_color=&#8220;#6d6f75&#8243; header_font=&#8220;|on|||&#8220; custom_padding=&#8220;20px|10px|20px|10px&#8220;]<\/p>\n<p>Top Austattung, Trails und Service<\/p>\n<p>[\/et_pb_blurb][\/et_pb_column][\/et_pb_row][\/et_pb_section][et_pb_section admin_label=&#8220;Sektion&#8220; fullwidth=&#8220;off&#8220; specialty=&#8220;off&#8220; transparent_background=&#8220;off&#8220; allow_player_pause=&#8220;off&#8220; inner_shadow=&#8220;off&#8220; parallax=&#8220;off&#8220; parallax_method=&#8220;off&#8220; padding_mobile=&#8220;off&#8220; make_fullwidth=&#8220;off&#8220; use_custom_width=&#8220;off&#8220; width_unit=&#8220;on&#8220; make_equal=&#8220;off&#8220; use_custom_gutter=&#8220;off&#8220;][et_pb_row admin_label=&#8220;Zeile&#8220;][et_pb_column type=&#8220;4_4&#8243;][et_pb_text admin_label=&#8220;Wei\u00dfer Block (nicht l\u00f6schen!!!)&#8220; background_layout=&#8220;light&#8220; text_orientation=&#8220;left&#8220; use_border_color=&#8220;off&#8220; border_color=&#8220;#ffffff&#8220; border_style=&#8220;solid&#8220;]<\/p>\n<div class=\"platz_weiss\"><\/div>\n<p>[\/et_pb_text][\/et_pb_column][\/et_pb_row][\/et_pb_section][et_pb_section admin_label=&#8220;Sektion&#8220; fullwidth=&#8220;off&#8220; specialty=&#8220;off&#8220; transparent_background=&#8220;off&#8220; background_color=&#8220;#ffffff&#8220; allow_player_pause=&#8220;off&#8220; inner_shadow=&#8220;off&#8220; parallax=&#8220;off&#8220; parallax_method=&#8220;off&#8220; padding_mobile=&#8220;off&#8220; make_fullwidth=&#8220;off&#8220; use_custom_width=&#8220;off&#8220; width_unit=&#8220;on&#8220; make_equal=&#8220;off&#8220; use_custom_gutter=&#8220;off&#8220; module_class=&#8220;platzhalter&#8220;][et_pb_row admin_label=&#8220;Zeile&#8220; global_parent=&#8220;438&#8243; make_fullwidth=&#8220;off&#8220; use_custom_width=&#8220;off&#8220; width_unit=&#8220;on&#8220; use_custom_gutter=&#8220;off&#8220; padding_mobile=&#8220;off&#8220; allow_player_pause=&#8220;off&#8220; parallax=&#8220;off&#8220; parallax_method=&#8220;off&#8220; make_equal=&#8220;off&#8220; parallax_1=&#8220;off&#8220; parallax_method_1=&#8220;off&#8220; parallax_2=&#8220;off&#8220; parallax_method_2=&#8220;off&#8220; parallax_3=&#8220;off&#8220; parallax_method_3=&#8220;off&#8220; parallax_4=&#8220;off&#8220; parallax_method_4=&#8220;off&#8220; column_padding_mobile=&#8220;on&#8220; module_id=&#8220;logos&#8220; background_color=&#8220;#ffffff&#8220;][et_pb_column type=&#8220;1_3&#8243;][et_pb_image admin_label=&#8220;Bild&#8220; global_parent=&#8220;438&#8243; src=&#8220;https:\/\/www.schullandheim-rappershausen.de\/cms\/wp-content\/uploads\/2016\/02\/Logo_BSHW_Haeuser_RGB_WEB.jpg&#8220; title_text=&#8220;Bayerisches Schullandheim&#8220; show_in_lightbox=&#8220;off&#8220; url=&#8220;http:\/\/www.schullandheim-bayern.de\/&#8220; url_new_window=&#8220;on&#8220; use_overlay=&#8220;off&#8220; animation=&#8220;left&#8220; sticky=&#8220;off&#8220; align=&#8220;center&#8220; force_fullwidth=&#8220;off&#8220; always_center_on_mobile=&#8220;on&#8220; use_border_color=&#8220;off&#8220; border_color=&#8220;#ffffff&#8220; border_style=&#8220;solid&#8220; custom_margin=&#8220;20px||20px|&#8220; custom_margin_last_edited=&#8220;on|&#8220; max_width=&#8220;200px&#8220;] [\/et_pb_image][\/et_pb_column][et_pb_column type=&#8220;1_3&#8243;][et_pb_image admin_label=&#8220;Bild&#8220; global_parent=&#8220;438&#8243; show_in_lightbox=&#8220;off&#8220; url_new_window=&#8220;off&#8220; use_overlay=&#8220;off&#8220; animation=&#8220;left&#8220; sticky=&#8220;off&#8220; align=&#8220;center&#8220; force_fullwidth=&#8220;off&#8220; always_center_on_mobile=&#8220;on&#8220; use_border_color=&#8220;off&#8220; border_color=&#8220;#ffffff&#8220; border_style=&#8220;solid&#8220; src=&#8220;https:\/\/www.schullandheim-rappershausen.de\/cms\/wp-content\/uploads\/2016\/02\/SWU_Logo.png&#8220; custom_margin=&#8220;20px||20px|&#8220; max_width=&#8220;100px&#8220;] [\/et_pb_image][\/et_pb_column][et_pb_column type=&#8220;1_3&#8243;][et_pb_image admin_label=&#8220;Bild&#8220; global_parent=&#8220;438&#8243; show_in_lightbox=&#8220;off&#8220; url_new_window=&#8220;off&#8220; use_overlay=&#8220;off&#8220; animation=&#8220;left&#8220; sticky=&#8220;off&#8220; align=&#8220;center&#8220; force_fullwidth=&#8220;off&#8220; always_center_on_mobile=&#8220;on&#8220; use_border_color=&#8220;off&#8220; border_color=&#8220;#ffffff&#8220; border_style=&#8220;solid&#8220; src=&#8220;https:\/\/www.schullandheim-rappershausen.de\/cms\/wp-content\/uploads\/2016\/02\/BikePool_Logo_ohne.png&#8220; custom_margin=&#8220;20px||20px|&#8220; max_width=&#8220;66px&#8220; url=&#8220;http:\/\/www.bikepoolbayern.de\/&#8220;] [\/et_pb_image][\/et_pb_column][\/et_pb_row][\/et_pb_section][et_pb_section admin_label=&#8220;Sektion&#8220; global_module=&#8220;438&#8243; fullwidth=&#8220;off&#8220; specialty=&#8220;off&#8220; transparent_background=&#8220;off&#8220; allow_player_pause=&#8220;off&#8220; inner_shadow=&#8220;off&#8220; parallax=&#8220;off&#8220; parallax_method=&#8220;off&#8220; padding_mobile=&#8220;off&#8220; make_fullwidth=&#8220;off&#8220; use_custom_width=&#8220;off&#8220; width_unit=&#8220;on&#8220; make_equal=&#8220;off&#8220; use_custom_gutter=&#8220;off&#8220; background_color=&#8220;#2d2d2d&#8220;][et_pb_row global_parent=&#8220;438&#8243; admin_label=&#8220;Zeile&#8220; make_fullwidth=&#8220;off&#8220; use_custom_width=&#8220;on&#8220; width_unit=&#8220;on&#8220; use_custom_gutter=&#8220;off&#8220; padding_mobile=&#8220;off&#8220; allow_player_pause=&#8220;off&#8220; parallax=&#8220;off&#8220; parallax_method=&#8220;off&#8220; make_equal=&#8220;off&#8220; parallax_1=&#8220;off&#8220; parallax_method_1=&#8220;off&#8220; parallax_2=&#8220;off&#8220; parallax_method_2=&#8220;off&#8220; column_padding_mobile=&#8220;on&#8220;][et_pb_column type=&#8220;1_3&#8243;][\/et_pb_column][et_pb_column type=&#8220;1_3&#8243;][et_pb_text global_parent=&#8220;438&#8243; admin_label=&#8220;Text&#8220; background_layout=&#8220;light&#8220; text_orientation=&#8220;left&#8220; use_border_color=&#8220;off&#8220; border_color=&#8220;#ffffff&#8220; border_style=&#8220;solid&#8220;] [\/et_pb_text][\/et_pb_column][et_pb_column type=&#8220;1_3&#8243;][et_pb_text global_parent=&#8220;438&#8243; admin_label=&#8220;Text Kontakt&#8220; background_layout=&#8220;light&#8220; text_orientation=&#8220;left&#8220; use_border_color=&#8220;off&#8220; border_color=&#8220;#ffffff&#8220; border_style=&#8220;solid&#8220; text_line_height=&#8220;1.4em&#8220; custom_padding=&#8220;30px|10px|30px|10px&#8220;]<\/p>\n<div class=\"footer_kontakt\"><span class=\"footer_gruen\">Kontakt<\/span> Schullandheim Rappershausen mit Radsportzentrum Kirchgasse 8 97640 Hendungen\/Rappershausen Telefon: 09764 278 Fax: 09764 951115 E-Mail: <a href=\"mailto:mail@schullandheim-rappershausen.de\">mail@schullandheim-rappershausen.de<\/a><\/div>\n<p>[\/et_pb_text][\/et_pb_column][\/et_pb_row][\/et_pb_section]<\/p>\n","protected":false},"excerpt":{"rendered":"<p>Gruppen und Vereine aufgepasst! Sie suchen preiswerte \u00dcbernachtungsm\u00f6glichkeiten f\u00fcr gemeinsame Aktivit\u00e4ten, Treffen oder \u00dcbungswochenenden? Das Schullandheim Rappershausen vermietet seine R\u00e4umlichkeiten ganzj\u00e4hrig an Vereine und Gruppen. Profitieren Sie von unserem Full-Service aus einer Hand und genie\u00dfen Sie unsere individuellen Programme mit \u00dcbernachtung, Aktivit\u00e4ten und Verpflegung. Besonders in den Herbst- und Wintermonaten gibt es noch freie Wochenenden! [&hellip;]<\/p>\n","protected":false},"author":2,"featured_media":0,"parent":0,"menu_order":0,"comment_status":"closed","ping_status":"closed","template":"","meta":{"_et_pb_use_builder":"on","_et_pb_old_content":"","_et_gb_content_width":""},"_links":{"self":[{"href":"https:\/\/www.schullandheim-rappershausen.de\/cms\/wp-json\/wp\/v2\/pages\/553"}],"collection":[{"href":"https:\/\/www.schullandheim-rappershausen.de\/cms\/wp-json\/wp\/v2\/pages"}],"about":[{"href":"https:\/\/www.schullandheim-rappershausen.de\/cms\/wp-json\/wp\/v2\/types\/page"}],"author":[{"embeddable":true,"href":"https:\/\/www.schullandheim-rappershausen.de\/cms\/wp-json\/wp\/v2\/users\/2"}],"replies":[{"embeddable":true,"href":"https:\/\/www.schullandheim-rappershausen.de\/cms\/wp-json\/wp\/v2\/comments?post=553"}],"version-history":[{"count":18,"href":"https:\/\/www.schullandheim-rappershausen.de\/cms\/wp-json\/wp\/v2\/pages\/553\/revisions"}],"predecessor-version":[{"id":1266,"href":"https:\/\/www.schullandheim-rappershausen.de\/cms\/wp-json\/wp\/v2\/pages\/553\/revisions\/1266"}],"wp:attachment":[{"href":"https:\/\/www.schullandheim-rappershausen.de\/cms\/wp-json\/wp\/v2\/media?parent=553"}],"curies":[{"name":"wp","href":"https:\/\/api.w.org\/{rel}","templated":true}]}}