{"id":55,"date":"2016-02-25T16:15:51","date_gmt":"2016-02-25T15:15:51","guid":{"rendered":"http:\/\/www.schullandheim-rappershausen.de\/cms\/?page_id=55"},"modified":"2019-12-09T12:23:14","modified_gmt":"2019-12-09T11:23:14","slug":"impressum","status":"publish","type":"page","link":"https:\/\/www.schullandheim-rappershausen.de\/cms\/impressum\/","title":{"rendered":"Impressum"},"content":{"rendered":"<p>Schullandheim Rappershausen<br \/>\nKirchgasse 8<br \/>\n97640 Hendungen<br \/>\nAnsprechpartner: Frau Kerstin Kie\u00dfner<\/p>\n<p>Tel.: 09764\/278<br \/>\nE-Mail: mail@schullandheim-rappershausen.de<\/p>\n<p><strong>Tr\u00e4ger:<br \/>\n<\/strong>Gemeinde Hendungen<br \/>\nVertreten durch den 1. B\u00fcrgermeister Florian Liening-Ewert<br \/>\nHauptstr. 4<br \/>\n97638 Mellrichstadt<br \/>\nTel: 09776\/608-0<br \/>\nE-Mail: <a href=\"mailto:mail@vg-mellrichstadt.de\">mail@vg-mellrichstadt.de<br \/>\n<\/a><a href=\"http:\/\/www.hennungen.de\">www.hendungen.de<\/a><\/p>\n<p><strong>Mitglied im Schullandheimwerk Unterfranken e. V.<\/strong><br \/>\nBayernstra\u00dfe 2-4<br \/>\n63863 Eschau-Hobbach<br \/>\nTelefon: 09374\/9711-0<br \/>\nFax: 09374\/971122<\/p>\n<p><strong>Fotos<br \/>\n<\/strong>Schullandheim Rappershausen, Kerstin Junker, Brigitte Umkehr, Andreas Hagedorn, Radeberger Gruppe, Tonya Schulz, Stefanie W\u00fcst, Shutterstock (nosonjai, Alan Bailey, Alexander Ishchenko, Monkey Business Images, David Lade, Syda Productions, Pressmaster, dolomite-summits), https:\/\/www.ldbv.bayern.de\/digitalisierung\/bayernlab\/102.html(Herr Mai\/NES)<\/p>\n<p>&nbsp;<\/p>\n<p>&nbsp;<\/p>\n","protected":false},"excerpt":{"rendered":"<p>Schullandheim Rappershausen Kirchgasse 8 97640 Hendungen Ansprechpartner: Frau Kerstin Kie\u00dfner Tel.: 09764\/278 E-Mail: mail@schullandheim-rappershausen.de Tr\u00e4ger: Gemeinde Hendungen Vertreten durch den 1. B\u00fcrgermeister Florian Liening-Ewert Hauptstr. 4 97638 Mellrichstadt Tel: 09776\/608-0 E-Mail: mail@vg-mellrichstadt.de www.hendungen.de Mitglied im Schullandheimwerk Unterfranken e. V. Bayernstra\u00dfe 2-4 63863 Eschau-Hobbach Telefon: 09374\/9711-0 Fax: 09374\/971122 Fotos Schullandheim Rappershausen, Kerstin Junker, Brigitte Umkehr, Andreas [&hellip;]<\/p>\n","protected":false},"author":1,"featured_media":0,"parent":0,"menu_order":0,"comment_status":"closed","ping_status":"closed","template":"","meta":{"_et_pb_use_builder":"off","_et_pb_old_content":"<p><strong>Inhaltliche Verantwortung<\/strong><br \/> Verantwortung f\u00fcr die Inhalte der der Homepage des<br \/> Schullandheim Rappershausen<br \/> Kirchgasse 8<br \/> 97640 Hendungen<br \/> Ansprechpartner: Frau Anitra Sturdza (09764\/278)<br \/> e-mail: mail@schullandheim-rappershausen.de<\/p><p><strong>Hinweise zu externen Links<\/strong><br \/> Mit Urteil vom 12. Mai 1998 - 312 O 85\/98 - \"Haftung f\u00fcr Links\" hat das Landgericht (LG) Hamburg entschieden, dass man durch die Anbringung eines Links die Inhalte der gelinkten Seite ggf. mit zu verantworten hat. Dies kann - so das LG - nur dadurch verhindert werden, dass man sich ausdr\u00fccklich von diesen Inhalten distanziert.<br \/> Hiermit distanzieren wir uns ausdr\u00fccklich von allen Inhalten aller gelinkten Seiten auf unserer Homepage und machen uns diese Inhalte nicht zu eigen. Diese Erkl\u00e4rung gilt f\u00fcr alle auf dieser Website angebrachten Links.<\/p><p><strong>Urheberrecht, Haftung<\/strong><br \/> Das Layout der Homepage, die verwendeten Grafiken sowie die Sammlung der Beitr\u00e4ge sind urheberrechtlich gesch\u00fctzt. Die Seiten d\u00fcrfen nur zum privaten Gebrauch vervielf\u00e4ltigt und Vervielf\u00e4ltigungsst\u00fccke weder verbreitet noch zu \u00f6ffentlichen Wiedergaben benutzt werden. Die einzelnen Beitr\u00e4ge sind ebenfalls urheberrechtlich gesch\u00fctzt; weitere Hinweise k\u00f6nnen ggf. dort nachgelesen werden. Alle Informationen auf diesem Server erfolgen ohne Gew\u00e4hr f\u00fcr ihre Richtigkeit. In keinem Fall wird f\u00fcr Sch\u00e4den, die sich aus der Verwendung der abgerufenen Informationen oder dem Versenden von Informationen ergeben, eine Haftung \u00fcbernommen.<\/p><p>\u00a0<\/p><p>\u00a0<\/p><p>\u00a0<\/p><p>\u00a0<\/p>","_et_gb_content_width":""},"_links":{"self":[{"href":"https:\/\/www.schullandheim-rappershausen.de\/cms\/wp-json\/wp\/v2\/pages\/55"}],"collection":[{"href":"https:\/\/www.schullandheim-rappershausen.de\/cms\/wp-json\/wp\/v2\/pages"}],"about":[{"href":"https:\/\/www.schullandheim-rappershausen.de\/cms\/wp-json\/wp\/v2\/types\/page"}],"author":[{"embeddable":true,"href":"https:\/\/www.schullandheim-rappershausen.de\/cms\/wp-json\/wp\/v2\/users\/1"}],"replies":[{"embeddable":true,"href":"https:\/\/www.schullandheim-rappershausen.de\/cms\/wp-json\/wp\/v2\/comments?post=55"}],"version-history":[{"count":20,"href":"https:\/\/www.schullandheim-rappershausen.de\/cms\/wp-json\/wp\/v2\/pages\/55\/revisions"}],"predecessor-version":[{"id":1542,"href":"https:\/\/www.schullandheim-rappershausen.de\/cms\/wp-json\/wp\/v2\/pages\/55\/revisions\/1542"}],"wp:attachment":[{"href":"https:\/\/www.schullandheim-rappershausen.de\/cms\/wp-json\/wp\/v2\/media?parent=55"}],"curies":[{"name":"wp","href":"https:\/\/api.w.org\/{rel}","templated":true}]}}