{"id":1851,"date":"2024-08-19T12:59:37","date_gmt":"2024-08-19T10:59:37","guid":{"rendered":"https:\/\/www.schullandheim-rappershausen.de\/cms\/?page_id=1851"},"modified":"2025-11-27T12:18:25","modified_gmt":"2025-11-27T11:18:25","slug":"pumptrack-rappershausen","status":"publish","type":"page","link":"https:\/\/www.schullandheim-rappershausen.de\/cms\/pumptrack-rappershausen\/","title":{"rendered":"PumpTrack Rappershausen"},"content":{"rendered":"<p>[et_pb_section fb_built=&#8220;1&#8243; fullwidth=&#8220;on&#8220; _builder_version=&#8220;4.17.4&#8243; _module_preset=&#8220;default&#8220; global_colors_info=&#8220;{}&#8220;][et_pb_fullwidth_image src=&#8220;https:\/\/www.schullandheim-rappershausen.de\/cms\/wp-content\/uploads\/2024\/09\/Webslider_Pumptrack_2.500x800px.jpg&#8220; title_text=&#8220;Webslider_Pumptrack_2.500x800px&#8220; _builder_version=&#8220;4.17.4&#8243; _module_preset=&#8220;default&#8220; custom_padding=&#8220;||0px|||&#8220; global_colors_info=&#8220;{}&#8220;][\/et_pb_fullwidth_image][\/et_pb_section][et_pb_section fb_built=&#8220;1&#8243; _builder_version=&#8220;4.17.4&#8243; _module_preset=&#8220;default&#8220; global_colors_info=&#8220;{}&#8220;][et_pb_row _builder_version=&#8220;4.17.4&#8243; background_size=&#8220;initial&#8220; background_position=&#8220;top_left&#8220; background_repeat=&#8220;repeat&#8220; custom_margin=&#8220;|auto|0px|auto||&#8220; custom_padding=&#8220;10px|10px|10px|10px|true|true&#8220; locked=&#8220;off&#8220; global_colors_info=&#8220;{}&#8220;][et_pb_column type=&#8220;4_4&#8243; _builder_version=&#8220;4.16&#8243; custom_padding=&#8220;|||&#8220; global_colors_info=&#8220;{}&#8220; custom_padding__hover=&#8220;|||&#8220;][et_pb_text admin_label=&#8220;Intro Text Radsportzentrum&#8220; _builder_version=&#8220;4.17.4&#8243; background_size=&#8220;initial&#8220; background_position=&#8220;top_left&#8220; background_repeat=&#8220;repeat&#8220; min_height=&#8220;162px&#8220; custom_margin=&#8220;41px|||||&#8220; custom_padding=&#8220;|10px||10px&#8220; hover_enabled=&#8220;0&#8243; use_border_color=&#8220;off&#8220; border_color=&#8220;#ffffff&#8220; border_style=&#8220;solid&#8220; saved_tabs=&#8220;all&#8220; global_colors_info=&#8220;{}&#8220; sticky_enabled=&#8220;0&#8243;]<\/p>\n<div class=\"text_schullandheim\">\n<h1 class=\"grau_fett\">PUMPTRACK Rappershausen \u2013 PUMP IT UP<\/h1>\n<p>Seit dem Fr\u00fchjahr 2025 erwartet Sie t\u00e4glich von 08:00 bis 20:00 Uhr in Rappershausen ein spannender PumpTrack \u2013 der kurvige Parcours f\u00fcr alles, was rollt! Dieses von Leader gef\u00f6rderte Projekt erweitert das Angebot des auf Radsport spezialisierten Schullandheims und l\u00e4dt alle Bewegungsfreudigen zu einer aktiven Auszeit ein!<\/p>\n<p>Bitte beachten Sie, dass die Nutzung auf eigene Gefahr erfolgt und jegliche Haftung der Gemeinde Hendungen ausgeschlossen ist.<\/p>\n<\/div>\n<p>[\/et_pb_text][\/et_pb_column][\/et_pb_row][et_pb_row column_structure=&#8220;1_3,1_3,1_3&#8243; column_padding_mobile=&#8220;on&#8220; _builder_version=&#8220;4.17.4&#8243; background_color=&#8220;#85c656&#8243; background_size=&#8220;initial&#8220; background_position=&#8220;top_left&#8220; background_repeat=&#8220;repeat&#8220; custom_padding=&#8220;25px|50px|25px|50px|false|false&#8220; make_fullwidth=&#8220;off&#8220; use_custom_width=&#8220;on&#8220; width_unit=&#8220;on&#8220; locked=&#8220;off&#8220; global_colors_info=&#8220;{}&#8220;][et_pb_column type=&#8220;1_3&#8243; _builder_version=&#8220;4.16&#8243; custom_padding=&#8220;|||&#8220; global_colors_info=&#8220;{}&#8220; custom_padding__hover=&#8220;|||&#8220;][et_pb_blurb title=&#8220;Kostenloser Zugang f\u00fcr alle Sportbegeisterten&#8220; url=&#8220;https:\/\/www.schullandheim-rappershausen.de\/cms\/radsportzentrum\/#mtb-uebungsstrecken&#8220; use_icon=&#8220;on&#8220; font_icon=&#8220;&#xe0dd;||divi||400&#8243; icon_color=&#8220;#FFFFFF&#8220; icon_placement=&#8220;left&#8220; image_icon_width=&#8220;none&#8220; admin_label=&#8220;MTB-\u00dcbungsstrecke&#8220; _builder_version=&#8220;4.17.4&#8243; header_font=&#8220;|on|||&#8220; header_text_color=&#8220;#FFFFFF&#8220; background_size=&#8220;initial&#8220; background_position=&#8220;top_left&#8220; background_repeat=&#8220;repeat&#8220; custom_padding=&#8220;20px|10px|20px|10px&#8220; animation=&#8220;off&#8220; use_border_color=&#8220;off&#8220; border_color=&#8220;#ffffff&#8220; border_style=&#8220;solid&#8220; image_max_width=&#8220;none&#8220; global_colors_info=&#8220;{}&#8220;][\/et_pb_blurb][\/et_pb_column][et_pb_column type=&#8220;1_3&#8243; _builder_version=&#8220;4.16&#8243; custom_padding=&#8220;|||&#8220; global_colors_info=&#8220;{}&#8220; custom_padding__hover=&#8220;|||&#8220;][et_pb_blurb title=&#8220;Spielerischer Fitness-Spa\u00df&#8220; url=&#8220;https:\/\/www.schullandheim-rappershausen.de\/cms\/radsportzentrum\/#radwanderwege&#8220; use_icon=&#8220;on&#8220; font_icon=&#8220;&#xe0dd;||divi||400&#8243; icon_color=&#8220;#FFFFFF&#8220; icon_placement=&#8220;left&#8220; image_icon_width=&#8220;none&#8220; admin_label=&#8220;RAdwanderwege&#8220; _builder_version=&#8220;4.17.4&#8243; header_font=&#8220;|on|||&#8220; header_text_color=&#8220;#FFFFFF&#8220; background_size=&#8220;initial&#8220; background_position=&#8220;top_left&#8220; background_repeat=&#8220;repeat&#8220; custom_padding=&#8220;20px|10px|20px|10px&#8220; animation=&#8220;off&#8220; use_border_color=&#8220;off&#8220; border_color=&#8220;#ffffff&#8220; border_style=&#8220;solid&#8220; image_max_width=&#8220;none&#8220; global_colors_info=&#8220;{}&#8220;][\/et_pb_blurb][\/et_pb_column][et_pb_column type=&#8220;1_3&#8243; _builder_version=&#8220;4.16&#8243; custom_padding=&#8220;|||&#8220; global_colors_info=&#8220;{}&#8220; custom_padding__hover=&#8220;|||&#8220;][et_pb_blurb title=&#8220;Gleichgesinnte treffen&#8220; url=&#8220;https:\/\/www.schullandheim-rappershausen.de\/cms\/radsportzentrum\/#radwanderwege&#8220; use_icon=&#8220;on&#8220; font_icon=&#8220;&#xe0dd;||divi||400&#8243; icon_color=&#8220;#FFFFFF&#8220; image_icon_background_color=&#8220;RGBA(255,255,255,0)&#8220; icon_placement=&#8220;left&#8220; image_icon_width=&#8220;none&#8220; admin_label=&#8220;RAdwanderwege&#8220; _builder_version=&#8220;4.17.4&#8243; header_font=&#8220;|on|||&#8220; header_text_color=&#8220;#FFFFFF&#8220; background_size=&#8220;initial&#8220; background_position=&#8220;top_left&#8220; background_repeat=&#8220;repeat&#8220; custom_padding=&#8220;20px|10px|20px|10px&#8220; animation=&#8220;off&#8220; use_border_color=&#8220;off&#8220; border_color=&#8220;#ffffff&#8220; border_style=&#8220;solid&#8220; image_max_width=&#8220;none&#8220; global_colors_info=&#8220;{}&#8220;][\/et_pb_blurb][\/et_pb_column][\/et_pb_row][\/et_pb_section][et_pb_section fb_built=&#8220;1&#8243; _builder_version=&#8220;4.17.4&#8243; _module_preset=&#8220;default&#8220; global_colors_info=&#8220;{}&#8220;][et_pb_row _builder_version=&#8220;4.17.4&#8243; _module_preset=&#8220;default&#8220; global_colors_info=&#8220;{}&#8220;][et_pb_column type=&#8220;4_4&#8243; _builder_version=&#8220;4.17.4&#8243; _module_preset=&#8220;default&#8220; global_colors_info=&#8220;{}&#8220;][et_pb_text admin_label=&#8220;Intro Text Radsportzentrum&#8220; _builder_version=&#8220;4.17.4&#8243; background_size=&#8220;initial&#8220; background_position=&#8220;top_left&#8220; background_repeat=&#8220;repeat&#8220; min_height=&#8220;706.2px&#8220; custom_margin=&#8220;||||false|false&#8220; custom_padding=&#8220;|10px||10px|false|false&#8220; use_border_color=&#8220;off&#8220; border_color=&#8220;#ffffff&#8220; border_style=&#8220;solid&#8220; saved_tabs=&#8220;all&#8220; global_colors_info=&#8220;{}&#8220;]<\/p>\n<div class=\"text_schullandheim\">\n<p><strong>WAS IST EIN PUMPTRACK?<\/strong><\/p>\n<ul>\n<li>spezieller Rundkurs f\u00fcr Fahrr\u00e4der, Skateboards, Roller und andere rollende Sportger\u00e4te<\/li>\n<li>gestaltet mit Wellen, Kurven und Spr\u00fcngen.<\/li>\n<li>ganz ohne Pedalieren oder Antreten<\/li>\n<li>durch \u201ePumpen\u201c \u2013rhythmisches Bewegen des K\u00f6rpers \u2013 Geschwindigkeit und Flow<\/li>\n<li>Verbesserung deiner Skills<\/li>\n<li>jede Menge Spa\u00df haben!<\/li>\n<\/ul>\n<p><strong>Speziell PUMPTRACK Rappershausen<\/strong><\/p>\n<ul>\n<li>nach neuesten Sicherheitsstandards<\/li>\n<li>optimale Bedingungen f\u00fcr jede K\u00f6nnerstufe<\/li>\n<\/ul>\n<p><strong>NUTZUNGSHINWEISE UND INFORMATIONEN<\/strong><\/p>\n<ul>\n<li>Nutzung f\u00fcr Kinder, Jugendliche und Erwachsene<\/li>\n<li>Kinder bis 8 Jahre nur in Begleitung eines Erziehungsberechtigten<\/li>\n<li>R\u00fccksichtnahme auf j\u00fcngere und unge\u00fcbte Nutzerinnen und Nutzer<\/li>\n<li>Anpassung der Fahrweise an eigenes Fahrk\u00f6nnen<\/li>\n<\/ul>\n<ul>\n<li>Zutritt nur mit nicht-motorisierten Rollsportger\u00e4ten<\/li>\n<li>Es gilt Helmpflicht!<\/li>\n<li>Wir empfehlen sachgerechte Schutzausr\u00fcstung.<\/li>\n<li>Befahren der Anlage nur mit zweiter Person<\/li>\n<li>Achtung der Fahrtrichtung<\/li>\n<li>Kein Aufenthalt auf der Anlage und Freihalten von Gegenst\u00e4nden<\/li>\n<li>Keine Nutzung bei N\u00e4sse, Eis, Schnee und Dunkelheit<\/li>\n<\/ul>\n<p>&nbsp;<\/p>\n<\/div>\n<p>[\/et_pb_text][\/et_pb_column][\/et_pb_row][et_pb_row _builder_version=&#8220;4.17.4&#8243; _module_preset=&#8220;default&#8220; global_colors_info=&#8220;{}&#8220;][et_pb_column type=&#8220;4_4&#8243; _builder_version=&#8220;4.17.4&#8243; _module_preset=&#8220;default&#8220; global_colors_info=&#8220;{}&#8220;][et_pb_divider _builder_version=&#8220;4.17.4&#8243; _module_preset=&#8220;default&#8220; global_colors_info=&#8220;{}&#8220;][\/et_pb_divider][\/et_pb_column][\/et_pb_row][et_pb_row _builder_version=&#8220;4.17.4&#8243; _module_preset=&#8220;default&#8220; min_height=&#8220;469px&#8220; custom_padding=&#8220;||100px|||&#8220; global_colors_info=&#8220;{}&#8220;][et_pb_column type=&#8220;4_4&#8243; _builder_version=&#8220;4.17.4&#8243; _module_preset=&#8220;default&#8220; global_colors_info=&#8220;{}&#8220;][et_pb_text admin_label=&#8220;Intro Text Radsportzentrum&#8220; _builder_version=&#8220;4.17.4&#8243; background_size=&#8220;initial&#8220; background_position=&#8220;top_left&#8220; background_repeat=&#8220;repeat&#8220; min_height=&#8220;288.1px&#8220; custom_margin=&#8220;-4px||-3px|||&#8220; custom_padding=&#8220;51px|10px|51px|10px|true|false&#8220; hover_enabled=&#8220;0&#8243; use_border_color=&#8220;off&#8220; border_color=&#8220;#ffffff&#8220; border_style=&#8220;solid&#8220; saved_tabs=&#8220;all&#8220; global_colors_info=&#8220;{}&#8220; sticky_enabled=&#8220;0&#8243;]<\/p>\n<div class=\"text_schullandheim\">\n<p class=\"p1\"><strong>FRAGEN? WIR INFORMIEREN DICH:<\/strong><\/p>\n<p class=\"p2\"><strong>Schullandheim Rappershausen mit Radsportzentrum<\/strong><br \/>Kirchgasse 8 | 97640 Hendungen\/Rappershausen<br \/>Tel. 09764 278<br \/>E-Mail: mail@schullandheim-rappershausen.de<\/p>\n<p>Weitere Informationen auf der<span style=\"color: #85c555;\"> <strong><a style=\"color: #85c555;\" href=\"https:\/\/www.hendungen.de\/\" target=\"_blank\" rel=\"noopener\">Website der Gemeinde Hendungen<\/a><\/strong>.\u00a0<\/span><\/p>\n<\/div>\n<p>[\/et_pb_text][et_pb_text admin_label=&#8220;Intro Text Radsportzentrum&#8220; _builder_version=&#8220;4.17.4&#8243; background_size=&#8220;initial&#8220; background_position=&#8220;top_left&#8220; background_repeat=&#8220;repeat&#8220; text_orientation=&#8220;center&#8220; min_height=&#8220;250.5px&#8220; custom_margin=&#8220;-2px||1px|||&#8220; custom_padding=&#8220;34px|10px|34px|10px|true|false&#8220; hover_enabled=&#8220;0&#8243; use_border_color=&#8220;off&#8220; border_color=&#8220;#ffffff&#8220; border_style=&#8220;solid&#8220; saved_tabs=&#8220;all&#8220; global_colors_info=&#8220;{}&#8220; sticky_enabled=&#8220;0&#8243;]<\/p>\n<div class=\"text_schullandheim\">\n<div class=\"page\" title=\"Page 1\">\n<div class=\"layoutArea\">\n<div class=\"column\">\n<h3><strong>Europa\u0308ischer Landwirtschaftsfonds fu\u0308r die Entwicklung des la\u0308ndlichen Raums (ELER)<\/strong><\/h3>\n<\/div>\n<\/div>\n<\/div>\n<h3 class=\"p1\"><em>Gef\u00f6rdert durch das Bayerische Staatsministerium fu\u0308r Ern\u00e4hrung,<\/em><br \/><em>Landwirtschaft und Forsten und den Europ\u00e4ischen Landwirtschaftsfonds<\/em><br \/><em>fu\u0308r die Entwicklung des l\u00e4ndlichen Raums (ELER)<\/em><\/h3>\n<\/div>\n<p>[\/et_pb_text][et_pb_image src=&#8220;https:\/\/www.schullandheim-rappershausen.de\/cms\/wp-content\/uploads\/2025\/03\/Pumptrack_Foerderung.png&#8220; title_text=&#8220;Pumptrack_Foerderung&#8220; align=&#8220;center&#8220; _builder_version=&#8220;4.17.4&#8243; _module_preset=&#8220;default&#8220; width=&#8220;40%&#8220; global_colors_info=&#8220;{}&#8220;][\/et_pb_image][\/et_pb_column][\/et_pb_row][\/et_pb_section]<\/p>\n","protected":false},"excerpt":{"rendered":"<p>PUMPTRACK Rappershausen \u2013 PUMP IT UP Seit dem Fr\u00fchjahr 2025 erwartet Sie t\u00e4glich von 08:00 bis 20:00 Uhr in Rappershausen ein spannender PumpTrack \u2013 der kurvige Parcours f\u00fcr alles, was rollt! Dieses von Leader gef\u00f6rderte Projekt erweitert das Angebot des auf Radsport spezialisierten Schullandheims und l\u00e4dt alle Bewegungsfreudigen zu einer aktiven Auszeit ein! Bitte beachten [&hellip;]<\/p>\n","protected":false},"author":2,"featured_media":0,"parent":0,"menu_order":0,"comment_status":"closed","ping_status":"closed","template":"","meta":{"_et_pb_use_builder":"on","_et_pb_old_content":"","_et_gb_content_width":""},"_links":{"self":[{"href":"https:\/\/www.schullandheim-rappershausen.de\/cms\/wp-json\/wp\/v2\/pages\/1851"}],"collection":[{"href":"https:\/\/www.schullandheim-rappershausen.de\/cms\/wp-json\/wp\/v2\/pages"}],"about":[{"href":"https:\/\/www.schullandheim-rappershausen.de\/cms\/wp-json\/wp\/v2\/types\/page"}],"author":[{"embeddable":true,"href":"https:\/\/www.schullandheim-rappershausen.de\/cms\/wp-json\/wp\/v2\/users\/2"}],"replies":[{"embeddable":true,"href":"https:\/\/www.schullandheim-rappershausen.de\/cms\/wp-json\/wp\/v2\/comments?post=1851"}],"version-history":[{"count":18,"href":"https:\/\/www.schullandheim-rappershausen.de\/cms\/wp-json\/wp\/v2\/pages\/1851\/revisions"}],"predecessor-version":[{"id":1959,"href":"https:\/\/www.schullandheim-rappershausen.de\/cms\/wp-json\/wp\/v2\/pages\/1851\/revisions\/1959"}],"wp:attachment":[{"href":"https:\/\/www.schullandheim-rappershausen.de\/cms\/wp-json\/wp\/v2\/media?parent=1851"}],"curies":[{"name":"wp","href":"https:\/\/api.w.org\/{rel}","templated":true}]}}